{"id":472,"date":"2023-12-29T14:55:05","date_gmt":"2023-12-29T13:55:05","guid":{"rendered":"https:\/\/hotelgrodzkisandomierz.pl\/?page_id=472"},"modified":"2024-01-10T12:20:45","modified_gmt":"2024-01-10T11:20:45","slug":"pokoje","status":"publish","type":"page","link":"https:\/\/hotelgrodzkisandomierz.pl\/index.php\/pokoje\/","title":{"rendered":"POKOJE"},"content":{"rendered":"\t\t<div data-elementor-type=\"wp-page\" data-elementor-id=\"472\" class=\"elementor elementor-472\">\n\t\t\t\t<div class=\"elementor-element elementor-element-31d4d18 e-flex e-con-boxed e-con e-parent\" data-id=\"31d4d18\" data-element_type=\"container\">\n\t\t\t\t\t<div class=\"e-con-inner\">\n\t\t<div class=\"elementor-element elementor-element-4c99940 e-con-full e-flex e-con e-child\" data-id=\"4c99940\" data-element_type=\"container\">\n\t\t\t\t<div class=\"elementor-element elementor-element-4a08b83 elementor-arrows-position-inside elementor-pagination-position-outside elementor-widget elementor-widget-image-carousel\" data-id=\"4a08b83\" data-element_type=\"widget\" data-settings=\"{&quot;slides_to_show&quot;:&quot;1&quot;,&quot;navigation&quot;:&quot;both&quot;,&quot;autoplay&quot;:&quot;yes&quot;,&quot;pause_on_hover&quot;:&quot;yes&quot;,&quot;pause_on_interaction&quot;:&quot;yes&quot;,&quot;autoplay_speed&quot;:5000,&quot;infinite&quot;:&quot;yes&quot;,&quot;effect&quot;:&quot;slide&quot;,&quot;speed&quot;:500}\" data-widget_type=\"image-carousel.default\">\n\t\t\t\t<div class=\"elementor-widget-container\">\n\t\t\t<style>\/*! elementor - v3.23.0 - 05-08-2024 *\/\n.elementor-widget-image-carousel .swiper,.elementor-widget-image-carousel .swiper-container{position:static}.elementor-widget-image-carousel .swiper-container .swiper-slide figure,.elementor-widget-image-carousel .swiper .swiper-slide figure{line-height:inherit}.elementor-widget-image-carousel .swiper-slide{text-align:center}.elementor-image-carousel-wrapper:not(.swiper-container-initialized):not(.swiper-initialized) .swiper-slide{max-width:calc(100% \/ var(--e-image-carousel-slides-to-show, 3))}<\/style>\t\t<div class=\"elementor-image-carousel-wrapper swiper\" dir=\"ltr\">\n\t\t\t<div class=\"elementor-image-carousel swiper-wrapper swiper-image-stretch\" aria-live=\"off\">\n\t\t\t\t\t\t\t\t<div class=\"swiper-slide\" role=\"group\" aria-roledescription=\"slide\" aria-label=\"1 z 5\"><a data-elementor-open-lightbox=\"yes\" data-elementor-lightbox-slideshow=\"4a08b83\" data-e-action-hash=\"#elementor-action%3Aaction%3Dlightbox%26settings%3DeyJpZCI6MjgyLCJ1cmwiOiJodHRwczpcL1wvaG90ZWxncm9kemtpc2FuZG9taWVyei5wbFwvd3AtY29udGVudFwvdXBsb2Fkc1wvMjAyM1wvMTJcLzIwMTkwODA1XzA4NTYyNG0tc2NhbGVkLmpwZyIsInNsaWRlc2hvdyI6IjRhMDhiODMifQ%3D%3D\" href=\"https:\/\/hotelgrodzkisandomierz.pl\/wp-content\/uploads\/2023\/12\/20190805_085624m-scaled.jpg\"><figure class=\"swiper-slide-inner\"><img decoding=\"async\" class=\"swiper-slide-image\" src=\"https:\/\/hotelgrodzkisandomierz.pl\/wp-content\/uploads\/elementor\/thumbs\/20190805_085624m-scaled-qhcbngs9bgozzlkh9vsxpvx3evx3mhx0v5o2p4xg94.jpg\" alt=\"20190805_085624m\" \/><\/figure><\/a><\/div><div class=\"swiper-slide\" role=\"group\" aria-roledescription=\"slide\" aria-label=\"2 z 5\"><a data-elementor-open-lightbox=\"yes\" data-elementor-lightbox-slideshow=\"4a08b83\" data-e-action-hash=\"#elementor-action%3Aaction%3Dlightbox%26settings%3DeyJpZCI6Mjg1LCJ1cmwiOiJodHRwczpcL1wvaG90ZWxncm9kemtpc2FuZG9taWVyei5wbFwvd3AtY29udGVudFwvdXBsb2Fkc1wvMjAyM1wvMTJcLzIwMTkwNzMxXzE1MjQxOW0tc2NhbGVkLmpwZyIsInNsaWRlc2hvdyI6IjRhMDhiODMifQ%3D%3D\" href=\"https:\/\/hotelgrodzkisandomierz.pl\/wp-content\/uploads\/2023\/12\/20190731_152419m-scaled.jpg\"><figure class=\"swiper-slide-inner\"><img decoding=\"async\" class=\"swiper-slide-image\" src=\"https:\/\/hotelgrodzkisandomierz.pl\/wp-content\/uploads\/elementor\/thumbs\/20190731_152419m-scaled-qhcbqs5rff8ey2r2wtek0jsmutkps22xnkiqna0gaw.jpg\" alt=\"20190731_152419m\" \/><\/figure><\/a><\/div><div class=\"swiper-slide\" role=\"group\" aria-roledescription=\"slide\" aria-label=\"3 z 5\"><a data-elementor-open-lightbox=\"yes\" data-elementor-lightbox-slideshow=\"4a08b83\" data-e-action-hash=\"#elementor-action%3Aaction%3Dlightbox%26settings%3DeyJpZCI6Mzk4LCJ1cmwiOiJodHRwczpcL1wvaG90ZWxncm9kemtpc2FuZG9taWVyei5wbFwvd3AtY29udGVudFwvdXBsb2Fkc1wvMjAyM1wvMTJcLzJtLTEtc2NhbGVkLmpwZyIsInNsaWRlc2hvdyI6IjRhMDhiODMifQ%3D%3D\" href=\"https:\/\/hotelgrodzkisandomierz.pl\/wp-content\/uploads\/2023\/12\/2m-1-scaled.jpg\"><figure class=\"swiper-slide-inner\"><img decoding=\"async\" class=\"swiper-slide-image\" src=\"https:\/\/hotelgrodzkisandomierz.pl\/wp-content\/uploads\/elementor\/thumbs\/2m-1-scaled-qhgy1zv5m9a0tjzmsbmln73nl1cxy9wmhj0g02pkzs.jpg\" alt=\"2m\" \/><\/figure><\/a><\/div><div class=\"swiper-slide\" role=\"group\" aria-roledescription=\"slide\" aria-label=\"4 z 5\"><a data-elementor-open-lightbox=\"yes\" data-elementor-lightbox-slideshow=\"4a08b83\" data-e-action-hash=\"#elementor-action%3Aaction%3Dlightbox%26settings%3DeyJpZCI6MjgzLCJ1cmwiOiJodHRwczpcL1wvaG90ZWxncm9kemtpc2FuZG9taWVyei5wbFwvd3AtY29udGVudFwvdXBsb2Fkc1wvMjAyM1wvMTJcLzIwMTkwODA1XzA4NTc1OW0tc2NhbGVkLmpwZyIsInNsaWRlc2hvdyI6IjRhMDhiODMifQ%3D%3D\" href=\"https:\/\/hotelgrodzkisandomierz.pl\/wp-content\/uploads\/2023\/12\/20190805_085759m-scaled.jpg\"><figure class=\"swiper-slide-inner\"><img decoding=\"async\" class=\"swiper-slide-image\" src=\"https:\/\/hotelgrodzkisandomierz.pl\/wp-content\/uploads\/elementor\/thumbs\/20190805_085759m-scaled-qhcbnnd4nay08vax7gnbpc9bkl0o4dn5828h22np1k.jpg\" alt=\"20190805_085759m\" \/><\/figure><\/a><\/div><div class=\"swiper-slide\" role=\"group\" aria-roledescription=\"slide\" aria-label=\"5 z 5\"><a data-elementor-open-lightbox=\"yes\" data-elementor-lightbox-slideshow=\"4a08b83\" data-e-action-hash=\"#elementor-action%3Aaction%3Dlightbox%26settings%3DeyJpZCI6MjgxLCJ1cmwiOiJodHRwczpcL1wvaG90ZWxncm9kemtpc2FuZG9taWVyei5wbFwvd3AtY29udGVudFwvdXBsb2Fkc1wvMjAyM1wvMTJcLzVtLXNjYWxlZC5qcGciLCJzbGlkZXNob3ciOiI0YTA4YjgzIn0%3D\" href=\"https:\/\/hotelgrodzkisandomierz.pl\/wp-content\/uploads\/2023\/12\/5m-scaled.jpg\"><figure class=\"swiper-slide-inner\"><img decoding=\"async\" class=\"swiper-slide-image\" src=\"https:\/\/hotelgrodzkisandomierz.pl\/wp-content\/uploads\/elementor\/thumbs\/5m-scaled-qhcbn3mins6zh23leq45qz8n3hpymqgs5cj9z9gyo8.jpg\" alt=\"5m\" \/><\/figure><\/a><\/div>\t\t\t<\/div>\n\t\t\t\t\t\t\t\t\t\t\t\t<div class=\"elementor-swiper-button elementor-swiper-button-prev\" role=\"button\" tabindex=\"0\">\n\t\t\t\t\t\t<svg aria-hidden=\"true\" class=\"e-font-icon-svg e-eicon-chevron-left\" viewBox=\"0 0 1000 1000\" xmlns=\"http:\/\/www.w3.org\/2000\/svg\"><path d=\"M646 125C629 125 613 133 604 142L308 442C296 454 292 471 292 487 292 504 296 521 308 533L604 854C617 867 629 875 646 875 663 875 679 871 692 858 704 846 713 829 713 812 713 796 708 779 692 767L438 487 692 225C700 217 708 204 708 187 708 171 704 154 692 142 675 129 663 125 646 125Z\"><\/path><\/svg>\t\t\t\t\t<\/div>\n\t\t\t\t\t<div class=\"elementor-swiper-button elementor-swiper-button-next\" role=\"button\" tabindex=\"0\">\n\t\t\t\t\t\t<svg aria-hidden=\"true\" class=\"e-font-icon-svg e-eicon-chevron-right\" viewBox=\"0 0 1000 1000\" xmlns=\"http:\/\/www.w3.org\/2000\/svg\"><path d=\"M696 533C708 521 713 504 713 487 713 471 708 454 696 446L400 146C388 133 375 125 354 125 338 125 325 129 313 142 300 154 292 171 292 187 292 204 296 221 308 233L563 492 304 771C292 783 288 800 288 817 288 833 296 850 308 863 321 871 338 875 354 875 371 875 388 867 400 854L696 533Z\"><\/path><\/svg>\t\t\t\t\t<\/div>\n\t\t\t\t\n\t\t\t\t\t\t\t\t\t<div class=\"swiper-pagination\"><\/div>\n\t\t\t\t\t\t\t\t\t<\/div>\n\t\t\t\t<\/div>\n\t\t\t\t<\/div>\n\t\t\t\t<\/div>\n\t\t<div class=\"elementor-element elementor-element-8d69234 e-con-full e-flex e-con e-child\" data-id=\"8d69234\" data-element_type=\"container\">\n\t\t\t\t<div class=\"elementor-element elementor-element-d9bcd87 elementor-widget elementor-widget-heading\" data-id=\"d9bcd87\" data-element_type=\"widget\" data-widget_type=\"heading.default\">\n\t\t\t\t<div class=\"elementor-widget-container\">\n\t\t\t<style>\/*! elementor - v3.23.0 - 05-08-2024 *\/\n.elementor-heading-title{padding:0;margin:0;line-height:1}.elementor-widget-heading .elementor-heading-title[class*=elementor-size-]>a{color:inherit;font-size:inherit;line-height:inherit}.elementor-widget-heading .elementor-heading-title.elementor-size-small{font-size:15px}.elementor-widget-heading .elementor-heading-title.elementor-size-medium{font-size:19px}.elementor-widget-heading .elementor-heading-title.elementor-size-large{font-size:29px}.elementor-widget-heading .elementor-heading-title.elementor-size-xl{font-size:39px}.elementor-widget-heading .elementor-heading-title.elementor-size-xxl{font-size:59px}<\/style><h2 class=\"elementor-heading-title elementor-size-default\">Apartament<\/h2>\t\t<\/div>\n\t\t\t\t<\/div>\n\t\t\t\t<div class=\"elementor-element elementor-element-3baa9c4 elementor-widget elementor-widget-text-editor\" data-id=\"3baa9c4\" data-element_type=\"widget\" data-widget_type=\"text-editor.default\">\n\t\t\t\t<div class=\"elementor-widget-container\">\n\t\t\t<style>\/*! elementor - v3.23.0 - 05-08-2024 *\/\n.elementor-widget-text-editor.elementor-drop-cap-view-stacked .elementor-drop-cap{background-color:#69727d;color:#fff}.elementor-widget-text-editor.elementor-drop-cap-view-framed .elementor-drop-cap{color:#69727d;border:3px solid;background-color:transparent}.elementor-widget-text-editor:not(.elementor-drop-cap-view-default) .elementor-drop-cap{margin-top:8px}.elementor-widget-text-editor:not(.elementor-drop-cap-view-default) .elementor-drop-cap-letter{width:1em;height:1em}.elementor-widget-text-editor .elementor-drop-cap{float:left;text-align:center;line-height:1;font-size:50px}.elementor-widget-text-editor .elementor-drop-cap-letter{display:inline-block}<\/style>\t\t\t\t<p>Apartament z \u0142azienk\u0105 oraz\u00a0 klimatyzacj\u0105<\/p><p>(ze \u015bniadaniem typu szwedzki bufet)<b><br \/><\/b><\/p>\t\t\t\t\t\t<\/div>\n\t\t\t\t<\/div>\n\t\t\t\t<div class=\"elementor-element elementor-element-1ab07b1 elementor-widget elementor-widget-button\" data-id=\"1ab07b1\" data-element_type=\"widget\" data-widget_type=\"button.default\">\n\t\t\t\t<div class=\"elementor-widget-container\">\n\t\t\t\t\t<div class=\"elementor-button-wrapper\">\n\t\t\t<a class=\"elementor-button elementor-button-link elementor-size-sm\" href=\"https:\/\/hotelgrodzkisandomierz.pl\/index.php\/zapytanie-o-rezerwacje\/\">\n\t\t\t\t\t\t<span class=\"elementor-button-content-wrapper\">\n\t\t\t\t\t\t\t\t\t<span class=\"elementor-button-text\">Zarezerwuj<\/span>\n\t\t\t\t\t<\/span>\n\t\t\t\t\t<\/a>\n\t\t<\/div>\n\t\t\t\t<\/div>\n\t\t\t\t<\/div>\n\t\t\t\t<\/div>\n\t\t\t\t\t<\/div>\n\t\t\t\t<\/div>\n\t\t<div class=\"elementor-element elementor-element-c5d72b9 e-flex e-con-boxed e-con e-parent\" data-id=\"c5d72b9\" data-element_type=\"container\">\n\t\t\t\t\t<div class=\"e-con-inner\">\n\t\t<div class=\"elementor-element elementor-element-8a4e5eb e-con-full e-flex e-con e-child\" data-id=\"8a4e5eb\" data-element_type=\"container\">\n\t\t\t\t<div class=\"elementor-element elementor-element-f3d910d elementor-widget elementor-widget-image-gallery\" data-id=\"f3d910d\" data-element_type=\"widget\" data-widget_type=\"image-gallery.default\">\n\t\t\t\t<div class=\"elementor-widget-container\">\n\t\t\t<style>\/*! elementor - v3.23.0 - 05-08-2024 *\/\n.elementor-image-gallery .gallery-item{display:inline-block;text-align:center;vertical-align:top;width:100%;max-width:100%;margin:0 auto}.elementor-image-gallery .gallery-item img{margin:0 auto}.elementor-image-gallery .gallery-item .gallery-caption{margin:0}.elementor-image-gallery figure img{display:block}.elementor-image-gallery figure figcaption{width:100%}.gallery-spacing-custom .elementor-image-gallery .gallery-icon{padding:0}@media (min-width:768px){.elementor-image-gallery .gallery-columns-2 .gallery-item{max-width:50%}.elementor-image-gallery .gallery-columns-3 .gallery-item{max-width:33.33%}.elementor-image-gallery .gallery-columns-4 .gallery-item{max-width:25%}.elementor-image-gallery .gallery-columns-5 .gallery-item{max-width:20%}.elementor-image-gallery .gallery-columns-6 .gallery-item{max-width:16.666%}.elementor-image-gallery .gallery-columns-7 .gallery-item{max-width:14.28%}.elementor-image-gallery .gallery-columns-8 .gallery-item{max-width:12.5%}.elementor-image-gallery .gallery-columns-9 .gallery-item{max-width:11.11%}.elementor-image-gallery .gallery-columns-10 .gallery-item{max-width:10%}}@media (min-width:480px) and (max-width:767px){.elementor-image-gallery .gallery.gallery-columns-2 .gallery-item,.elementor-image-gallery .gallery.gallery-columns-3 .gallery-item,.elementor-image-gallery .gallery.gallery-columns-4 .gallery-item,.elementor-image-gallery .gallery.gallery-columns-5 .gallery-item,.elementor-image-gallery .gallery.gallery-columns-6 .gallery-item,.elementor-image-gallery .gallery.gallery-columns-7 .gallery-item,.elementor-image-gallery .gallery.gallery-columns-8 .gallery-item,.elementor-image-gallery .gallery.gallery-columns-9 .gallery-item,.elementor-image-gallery .gallery.gallery-columns-10 .gallery-item{max-width:50%}}@media (max-width:479px){.elementor-image-gallery .gallery.gallery-columns-2 .gallery-item,.elementor-image-gallery .gallery.gallery-columns-3 .gallery-item,.elementor-image-gallery .gallery.gallery-columns-4 .gallery-item,.elementor-image-gallery .gallery.gallery-columns-5 .gallery-item,.elementor-image-gallery .gallery.gallery-columns-6 .gallery-item,.elementor-image-gallery .gallery.gallery-columns-7 .gallery-item,.elementor-image-gallery .gallery.gallery-columns-8 .gallery-item,.elementor-image-gallery .gallery.gallery-columns-9 .gallery-item,.elementor-image-gallery .gallery.gallery-columns-10 .gallery-item{max-width:100%}}<\/style>\t\t<div class=\"elementor-image-gallery\">\n\t\t\t<div id='gallery-1' class='gallery galleryid-472 gallery-columns-1 gallery-size-medium'><figure class='gallery-item'>\n\t\t\t<div class='gallery-icon landscape'>\n\t\t\t\t<a data-elementor-open-lightbox=\"yes\" data-elementor-lightbox-slideshow=\"f3d910d\" data-e-action-hash=\"#elementor-action%3Aaction%3Dlightbox%26settings%3DeyJpZCI6MTA2LCJ1cmwiOiJodHRwczpcL1wvaG90ZWxncm9kemtpc2FuZG9taWVyei5wbFwvd3AtY29udGVudFwvdXBsb2Fkc1wvMjAyM1wvMTJcLzIxODMyMjUyOS5qcGciLCJzbGlkZXNob3ciOiJmM2Q5MTBkIn0%3D\" href='https:\/\/hotelgrodzkisandomierz.pl\/wp-content\/uploads\/2023\/12\/218322529.jpg'><img fetchpriority=\"high\" decoding=\"async\" width=\"300\" height=\"225\" src=\"https:\/\/hotelgrodzkisandomierz.pl\/wp-content\/uploads\/2023\/12\/218322529-300x225.jpg\" class=\"attachment-medium size-medium\" alt=\"\" srcset=\"https:\/\/hotelgrodzkisandomierz.pl\/wp-content\/uploads\/2023\/12\/218322529-300x225.jpg 300w, https:\/\/hotelgrodzkisandomierz.pl\/wp-content\/uploads\/2023\/12\/218322529-1024x768.jpg 1024w, https:\/\/hotelgrodzkisandomierz.pl\/wp-content\/uploads\/2023\/12\/218322529-768x576.jpg 768w, https:\/\/hotelgrodzkisandomierz.pl\/wp-content\/uploads\/2023\/12\/218322529.jpg 1200w\" sizes=\"(max-width: 300px) 100vw, 300px\" \/><\/a>\n\t\t\t<\/div><\/figure>\n\t\t<\/div>\n\t\t<\/div>\n\t\t\t\t<\/div>\n\t\t\t\t<\/div>\n\t\t\t\t<\/div>\n\t\t<div class=\"elementor-element elementor-element-0dbf620 e-con-full e-flex e-con e-child\" data-id=\"0dbf620\" data-element_type=\"container\">\n\t\t\t\t<div class=\"elementor-element elementor-element-8f0fa6e elementor-widget elementor-widget-heading\" data-id=\"8f0fa6e\" data-element_type=\"widget\" data-widget_type=\"heading.default\">\n\t\t\t\t<div class=\"elementor-widget-container\">\n\t\t\t<h2 class=\"elementor-heading-title elementor-size-default\">Standard z podw\u00f3jnym \u0142\u00f3\u017ckiem<\/h2>\t\t<\/div>\n\t\t\t\t<\/div>\n\t\t\t\t<div class=\"elementor-element elementor-element-7e2bc68 elementor-widget elementor-widget-text-editor\" data-id=\"7e2bc68\" data-element_type=\"widget\" data-widget_type=\"text-editor.default\">\n\t\t\t\t<div class=\"elementor-widget-container\">\n\t\t\t\t\t\t\t<p>Pok\u00f3j typu standard z \u0142azienk\u0105 i podw\u00f3jnym \u0142\u00f3\u017ckiem<\/p><p><b>\u00a0<\/b>(ze \u015bniadaniem typu szwedzki bufet)<b><br \/><\/b><\/p>\t\t\t\t\t\t<\/div>\n\t\t\t\t<\/div>\n\t\t\t\t<div class=\"elementor-element elementor-element-871fbab elementor-widget elementor-widget-button\" data-id=\"871fbab\" data-element_type=\"widget\" data-widget_type=\"button.default\">\n\t\t\t\t<div class=\"elementor-widget-container\">\n\t\t\t\t\t<div class=\"elementor-button-wrapper\">\n\t\t\t<a class=\"elementor-button elementor-button-link elementor-size-sm\" href=\"https:\/\/hotelgrodzkisandomierz.pl\/index.php\/zapytanie-o-rezerwacje\/\">\n\t\t\t\t\t\t<span class=\"elementor-button-content-wrapper\">\n\t\t\t\t\t\t\t\t\t<span class=\"elementor-button-text\">Zarezerwuj<\/span>\n\t\t\t\t\t<\/span>\n\t\t\t\t\t<\/a>\n\t\t<\/div>\n\t\t\t\t<\/div>\n\t\t\t\t<\/div>\n\t\t\t\t<\/div>\n\t\t\t\t\t<\/div>\n\t\t\t\t<\/div>\n\t\t<div class=\"elementor-element elementor-element-462805c e-flex e-con-boxed e-con e-parent\" data-id=\"462805c\" data-element_type=\"container\">\n\t\t\t\t\t<div class=\"e-con-inner\">\n\t\t<div class=\"elementor-element elementor-element-d1b1731 e-con-full e-flex e-con e-child\" data-id=\"d1b1731\" data-element_type=\"container\">\n\t\t\t\t<div class=\"elementor-element elementor-element-6aa28fa elementor-arrows-position-inside elementor-pagination-position-outside elementor-widget elementor-widget-image-carousel\" data-id=\"6aa28fa\" data-element_type=\"widget\" data-settings=\"{&quot;slides_to_show&quot;:&quot;1&quot;,&quot;navigation&quot;:&quot;both&quot;,&quot;autoplay&quot;:&quot;yes&quot;,&quot;pause_on_hover&quot;:&quot;yes&quot;,&quot;pause_on_interaction&quot;:&quot;yes&quot;,&quot;autoplay_speed&quot;:5000,&quot;infinite&quot;:&quot;yes&quot;,&quot;effect&quot;:&quot;slide&quot;,&quot;speed&quot;:500}\" data-widget_type=\"image-carousel.default\">\n\t\t\t\t<div class=\"elementor-widget-container\">\n\t\t\t\t\t<div class=\"elementor-image-carousel-wrapper swiper\" dir=\"ltr\">\n\t\t\t<div class=\"elementor-image-carousel swiper-wrapper swiper-image-stretch\" aria-live=\"off\">\n\t\t\t\t\t\t\t\t<div class=\"swiper-slide\" role=\"group\" aria-roledescription=\"slide\" aria-label=\"1 z 4\"><a data-elementor-open-lightbox=\"yes\" data-elementor-lightbox-slideshow=\"6aa28fa\" data-e-action-hash=\"#elementor-action%3Aaction%3Dlightbox%26settings%3DeyJpZCI6Mjc5LCJ1cmwiOiJodHRwczpcL1wvaG90ZWxncm9kemtpc2FuZG9taWVyei5wbFwvd3AtY29udGVudFwvdXBsb2Fkc1wvMjAyM1wvMTJcL3BvazEwLVx1MjAxNC1rb3BpYS1cdTIwMTQta29waWEuanBnIiwic2xpZGVzaG93IjoiNmFhMjhmYSJ9\" href=\"https:\/\/hotelgrodzkisandomierz.pl\/wp-content\/uploads\/2023\/12\/pok10-\u2014-kopia-\u2014-kopia.jpg\"><figure class=\"swiper-slide-inner\"><img decoding=\"async\" class=\"swiper-slide-image\" src=\"https:\/\/hotelgrodzkisandomierz.pl\/wp-content\/uploads\/elementor\/thumbs\/pok10-\u2014-kopia-\u2014-kopia-qhcbhbw6peam78hc3qblxxnrtc5udmk3oscyx40yvc.jpg\" alt=\"pok10 \u2014 kopia \u2014 kopia\" \/><\/figure><\/a><\/div><div class=\"swiper-slide\" role=\"group\" aria-roledescription=\"slide\" aria-label=\"2 z 4\"><a data-elementor-open-lightbox=\"yes\" data-elementor-lightbox-slideshow=\"6aa28fa\" data-e-action-hash=\"#elementor-action%3Aaction%3Dlightbox%26settings%3DeyJpZCI6Mjc4LCJ1cmwiOiJodHRwczpcL1wvaG90ZWxncm9kemtpc2FuZG9taWVyei5wbFwvd3AtY29udGVudFwvdXBsb2Fkc1wvMjAyM1wvMTJcL3BvazctXHUyMDE0LWtvcGlhLVx1MjAxNC1rb3BpYS5qcGciLCJzbGlkZXNob3ciOiI2YWEyOGZhIn0%3D\" href=\"https:\/\/hotelgrodzkisandomierz.pl\/wp-content\/uploads\/2023\/12\/pok7-\u2014-kopia-\u2014-kopia.jpg\"><figure class=\"swiper-slide-inner\"><img decoding=\"async\" class=\"swiper-slide-image\" src=\"https:\/\/hotelgrodzkisandomierz.pl\/wp-content\/uploads\/elementor\/thumbs\/pok7-\u2014-kopia-\u2014-kopia-qhcbh84ty25gwsmspop3nylxfsodiu56c9r1006jk8.jpg\" alt=\"pok7 \u2014 kopia \u2014 kopia\" \/><\/figure><\/a><\/div><div class=\"swiper-slide\" role=\"group\" aria-roledescription=\"slide\" aria-label=\"3 z 4\"><a data-elementor-open-lightbox=\"yes\" data-elementor-lightbox-slideshow=\"6aa28fa\" data-e-action-hash=\"#elementor-action%3Aaction%3Dlightbox%26settings%3DeyJpZCI6Mjc3LCJ1cmwiOiJodHRwczpcL1wvaG90ZWxncm9kemtpc2FuZG9taWVyei5wbFwvd3AtY29udGVudFwvdXBsb2Fkc1wvMjAyM1wvMTJcL3BvazQtXHUyMDE0LWtvcGlhLVx1MjAxNC1rb3BpYS5qcGciLCJzbGlkZXNob3ciOiI2YWEyOGZhIn0%3D\" href=\"https:\/\/hotelgrodzkisandomierz.pl\/wp-content\/uploads\/2023\/12\/pok4-\u2014-kopia-\u2014-kopia.jpg\"><figure class=\"swiper-slide-inner\"><img decoding=\"async\" class=\"swiper-slide-image\" src=\"https:\/\/hotelgrodzkisandomierz.pl\/wp-content\/uploads\/elementor\/thumbs\/pok4-\u2014-kopia-\u2014-kopia-qhcbh3fmzvz1aqtmh4nythsmgvbjgcminmhllmdifc.jpg\" alt=\"pok4 \u2014 kopia \u2014 kopia\" \/><\/figure><\/a><\/div><div class=\"swiper-slide\" role=\"group\" aria-roledescription=\"slide\" aria-label=\"4 z 4\"><a data-elementor-open-lightbox=\"yes\" data-elementor-lightbox-slideshow=\"6aa28fa\" data-e-action-hash=\"#elementor-action%3Aaction%3Dlightbox%26settings%3DeyJpZCI6MTA1LCJ1cmwiOiJodHRwczpcL1wvaG90ZWxncm9kemtpc2FuZG9taWVyei5wbFwvd3AtY29udGVudFwvdXBsb2Fkc1wvMjAyM1wvMTJcLzIxMzc3Mjk5MC5qcGciLCJzbGlkZXNob3ciOiI2YWEyOGZhIn0%3D\" href=\"https:\/\/hotelgrodzkisandomierz.pl\/wp-content\/uploads\/2023\/12\/213772990.jpg\"><figure class=\"swiper-slide-inner\"><img decoding=\"async\" class=\"swiper-slide-image\" src=\"https:\/\/hotelgrodzkisandomierz.pl\/wp-content\/uploads\/elementor\/thumbs\/213772990-qgzv16jkvi67laralc10rurnx0m69zeo2o5psp47m0.jpg\" alt=\"213772990\" \/><\/figure><\/a><\/div>\t\t\t<\/div>\n\t\t\t\t\t\t\t\t\t\t\t\t<div class=\"elementor-swiper-button elementor-swiper-button-prev\" role=\"button\" tabindex=\"0\">\n\t\t\t\t\t\t<svg aria-hidden=\"true\" class=\"e-font-icon-svg e-eicon-chevron-left\" viewBox=\"0 0 1000 1000\" xmlns=\"http:\/\/www.w3.org\/2000\/svg\"><path d=\"M646 125C629 125 613 133 604 142L308 442C296 454 292 471 292 487 292 504 296 521 308 533L604 854C617 867 629 875 646 875 663 875 679 871 692 858 704 846 713 829 713 812 713 796 708 779 692 767L438 487 692 225C700 217 708 204 708 187 708 171 704 154 692 142 675 129 663 125 646 125Z\"><\/path><\/svg>\t\t\t\t\t<\/div>\n\t\t\t\t\t<div class=\"elementor-swiper-button elementor-swiper-button-next\" role=\"button\" tabindex=\"0\">\n\t\t\t\t\t\t<svg aria-hidden=\"true\" class=\"e-font-icon-svg e-eicon-chevron-right\" viewBox=\"0 0 1000 1000\" xmlns=\"http:\/\/www.w3.org\/2000\/svg\"><path d=\"M696 533C708 521 713 504 713 487 713 471 708 454 696 446L400 146C388 133 375 125 354 125 338 125 325 129 313 142 300 154 292 171 292 187 292 204 296 221 308 233L563 492 304 771C292 783 288 800 288 817 288 833 296 850 308 863 321 871 338 875 354 875 371 875 388 867 400 854L696 533Z\"><\/path><\/svg>\t\t\t\t\t<\/div>\n\t\t\t\t\n\t\t\t\t\t\t\t\t\t<div class=\"swiper-pagination\"><\/div>\n\t\t\t\t\t\t\t\t\t<\/div>\n\t\t\t\t<\/div>\n\t\t\t\t<\/div>\n\t\t\t\t<\/div>\n\t\t<div class=\"elementor-element elementor-element-a699f42 e-con-full e-flex e-con e-child\" data-id=\"a699f42\" data-element_type=\"container\">\n\t\t\t\t<div class=\"elementor-element elementor-element-271114d elementor-widget elementor-widget-heading\" data-id=\"271114d\" data-element_type=\"widget\" data-widget_type=\"heading.default\">\n\t\t\t\t<div class=\"elementor-widget-container\">\n\t\t\t<h2 class=\"elementor-heading-title elementor-size-default\">Standard z pojedynczymi \u0142\u00f3zkami<\/h2>\t\t<\/div>\n\t\t\t\t<\/div>\n\t\t\t\t<div class=\"elementor-element elementor-element-aef4899 elementor-widget elementor-widget-text-editor\" data-id=\"aef4899\" data-element_type=\"widget\" data-widget_type=\"text-editor.default\">\n\t\t\t\t<div class=\"elementor-widget-container\">\n\t\t\t\t\t\t\t<p>Pok\u00f3j typu standard z \u0142azienk\u0105 i pojedynczymi \u0142\u00f3\u017ckami<\/p><p><b>\u00a0<\/b>(ze \u015bniadaniem typu szwedzki bufet)<b><br \/><\/b><\/p>\t\t\t\t\t\t<\/div>\n\t\t\t\t<\/div>\n\t\t\t\t<div class=\"elementor-element elementor-element-fa2aed1 elementor-widget elementor-widget-button\" data-id=\"fa2aed1\" data-element_type=\"widget\" data-widget_type=\"button.default\">\n\t\t\t\t<div class=\"elementor-widget-container\">\n\t\t\t\t\t<div class=\"elementor-button-wrapper\">\n\t\t\t<a class=\"elementor-button elementor-button-link elementor-size-sm\" href=\"https:\/\/hotelgrodzkisandomierz.pl\/index.php\/zapytanie-o-rezerwacje\/\">\n\t\t\t\t\t\t<span class=\"elementor-button-content-wrapper\">\n\t\t\t\t\t\t\t\t\t<span class=\"elementor-button-text\">Zarezerwuj<\/span>\n\t\t\t\t\t<\/span>\n\t\t\t\t\t<\/a>\n\t\t<\/div>\n\t\t\t\t<\/div>\n\t\t\t\t<\/div>\n\t\t\t\t<\/div>\n\t\t\t\t\t<\/div>\n\t\t\t\t<\/div>\n\t\t\t\t<\/div>\n\t\t","protected":false},"excerpt":{"rendered":"<p>Apartament Apartament z \u0142azienk\u0105 oraz\u00a0 klimatyzacj\u0105 (ze \u015bniadaniem typu szwedzki bufet) Zarezerwuj Standard z podw\u00f3jnym \u0142\u00f3\u017ckiem Pok\u00f3j typu standard z \u0142azienk\u0105 i podw\u00f3jnym \u0142\u00f3\u017ckiem \u00a0(ze \u015bniadaniem typu szwedzki bufet) Zarezerwuj Standard z pojedynczymi \u0142\u00f3zkami Pok\u00f3j typu standard z \u0142azienk\u0105 i pojedynczymi \u0142\u00f3\u017ckami \u00a0(ze \u015bniadaniem typu szwedzki bufet) Zarezerwuj<\/p>\n","protected":false},"author":1,"featured_media":0,"parent":0,"menu_order":0,"comment_status":"closed","ping_status":"closed","template":"","meta":{"om_disable_all_campaigns":false,"_monsterinsights_skip_tracking":false,"_monsterinsights_sitenote_active":false,"_monsterinsights_sitenote_note":"","_monsterinsights_sitenote_category":0,"_kad_post_transparent":"","_kad_post_title":"","_kad_post_layout":"","_kad_post_sidebar_id":"","_kad_post_content_style":"","_kad_post_vertical_padding":"","_kad_post_feature":"","_kad_post_feature_position":"","_kad_post_header":false,"_kad_post_footer":false,"footnotes":""},"class_list":["post-472","page","type-page","status-publish","hentry"],"aioseo_notices":[],"_links":{"self":[{"href":"https:\/\/hotelgrodzkisandomierz.pl\/index.php\/wp-json\/wp\/v2\/pages\/472","targetHints":{"allow":["GET"]}}],"collection":[{"href":"https:\/\/hotelgrodzkisandomierz.pl\/index.php\/wp-json\/wp\/v2\/pages"}],"about":[{"href":"https:\/\/hotelgrodzkisandomierz.pl\/index.php\/wp-json\/wp\/v2\/types\/page"}],"author":[{"embeddable":true,"href":"https:\/\/hotelgrodzkisandomierz.pl\/index.php\/wp-json\/wp\/v2\/users\/1"}],"replies":[{"embeddable":true,"href":"https:\/\/hotelgrodzkisandomierz.pl\/index.php\/wp-json\/wp\/v2\/comments?post=472"}],"version-history":[{"count":46,"href":"https:\/\/hotelgrodzkisandomierz.pl\/index.php\/wp-json\/wp\/v2\/pages\/472\/revisions"}],"predecessor-version":[{"id":631,"href":"https:\/\/hotelgrodzkisandomierz.pl\/index.php\/wp-json\/wp\/v2\/pages\/472\/revisions\/631"}],"wp:attachment":[{"href":"https:\/\/hotelgrodzkisandomierz.pl\/index.php\/wp-json\/wp\/v2\/media?parent=472"}],"curies":[{"name":"wp","href":"https:\/\/api.w.org\/{rel}","templated":true}]}}